{"id":218,"date":"2025-08-04T17:18:11","date_gmt":"2025-08-04T17:18:11","guid":{"rendered":"http:\/\/fafoudi.fr\/?page_id=218"},"modified":"2025-08-04T17:20:13","modified_gmt":"2025-08-04T17:20:13","slug":"mentions-legales","status":"publish","type":"page","link":"https:\/\/fafoudi.fr\/index.php\/mentions-legales\/","title":{"rendered":"Mentions l\u00e9gales"},"content":{"rendered":"<style>.kb-row-layout-wrap.wp-block-kadence-rowlayout.kb-row-layout-id218_cd9621-c5{margin-top:0px;}.kb-row-layout-id218_cd9621-c5 > .kt-row-column-wrap{align-content:start;}:where(.kb-row-layout-id218_cd9621-c5 > .kt-row-column-wrap) > .wp-block-kadence-column{justify-content:start;}.kb-row-layout-id218_cd9621-c5 > .kt-row-column-wrap{column-gap:var(--global-kb-gap-md, 2rem);row-gap:var(--global-kb-gap-md, 2rem);max-width:848px;margin-left:auto;margin-right:auto;padding-top:0px;padding-right:0px;padding-bottom:0px;padding-left:0px;min-height:850px;grid-template-columns:minmax(0, 1fr);}.kb-row-layout-id218_cd9621-c5{background-color:#2d1674;}.kb-row-layout-id218_cd9621-c5 > .kt-row-layout-overlay{opacity:0.21;background-image:url('http:\/\/fafoudi.fr\/wp-content\/uploads\/2025\/07\/Fadi-Fafoudi-2NB2-scaled.jpg');background-size:cover;background-position:59% 52%;background-attachment:scroll;background-repeat:no-repeat;mix-blend-mode:exclusion;}@media all and (max-width: 1024px){.kb-row-layout-id218_cd9621-c5 > .kt-row-column-wrap{grid-template-columns:minmax(0, 1fr);}}@media all and (max-width: 767px){.kb-row-layout-id218_cd9621-c5 > .kt-row-column-wrap{grid-template-columns:minmax(0, 1fr);}}<\/style><div class=\"kb-row-layout-wrap kb-row-layout-id218_cd9621-c5 alignfull kt-row-has-bg wp-block-kadence-rowlayout\"><div class=\"kt-row-layout-overlay kt-row-overlay-normal\"><\/div><div class=\"kt-row-column-wrap kt-has-1-columns kt-row-layout-equal kt-tab-layout-inherit kt-mobile-layout-row kt-row-valign-top\">\n<style>.kadence-column218_571bd5-dd > .kt-inside-inner-col{display:flex;}.kadence-column218_571bd5-dd > .kt-inside-inner-col{padding-top:50%;}.kadence-column218_571bd5-dd > .kt-inside-inner-col,.kadence-column218_571bd5-dd > .kt-inside-inner-col:before{border-top-left-radius:0px;border-top-right-radius:0px;border-bottom-right-radius:0px;border-bottom-left-radius:0px;}.kadence-column218_571bd5-dd > .kt-inside-inner-col{column-gap:var(--global-kb-gap-sm, 1rem);}.kadence-column218_571bd5-dd > .kt-inside-inner-col{flex-direction:column;justify-content:center;align-items:flex-end;}.kadence-column218_571bd5-dd > .kt-inside-inner-col > .kb-image-is-ratio-size{align-self:stretch;}.kadence-column218_571bd5-dd > .kt-inside-inner-col > .wp-block-kadence-advancedgallery{align-self:stretch;}.kadence-column218_571bd5-dd > .kt-inside-inner-col > .aligncenter{width:100%;}.kt-row-column-wrap > .kadence-column218_571bd5-dd{align-self:center;}.kt-inner-column-height-full:not(.kt-has-1-columns) > .wp-block-kadence-column.kadence-column218_571bd5-dd{align-self:auto;}.kt-inner-column-height-full:not(.kt-has-1-columns) > .wp-block-kadence-column.kadence-column218_571bd5-dd > .kt-inside-inner-col{flex-direction:column;justify-content:center;}.kadence-column218_571bd5-dd > .kt-inside-inner-col:before{opacity:0.3;}.kadence-column218_571bd5-dd{position:relative;}@media all and (max-width: 1024px){.kt-row-column-wrap > .kadence-column218_571bd5-dd{align-self:center;}}@media all and (max-width: 1024px){.kt-inner-column-height-full:not(.kt-has-1-columns) > .wp-block-kadence-column.kadence-column218_571bd5-dd{align-self:auto;}}@media all and (max-width: 1024px){.kt-inner-column-height-full:not(.kt-has-1-columns) > .wp-block-kadence-column.kadence-column218_571bd5-dd > .kt-inside-inner-col{flex-direction:column;justify-content:center;}}@media all and (max-width: 1024px){.kadence-column218_571bd5-dd > .kt-inside-inner-col{flex-direction:column;justify-content:center;align-items:flex-end;}}@media all and (max-width: 767px){.kt-row-column-wrap > .kadence-column218_571bd5-dd{align-self:center;}.kt-inner-column-height-full:not(.kt-has-1-columns) > .wp-block-kadence-column.kadence-column218_571bd5-dd{align-self:auto;}.kt-inner-column-height-full:not(.kt-has-1-columns) > .wp-block-kadence-column.kadence-column218_571bd5-dd > .kt-inside-inner-col{flex-direction:column;justify-content:center;}.kadence-column218_571bd5-dd > .kt-inside-inner-col{flex-direction:column;justify-content:center;align-items:flex-end;}}<\/style>\n<div class=\"wp-block-kadence-column kadence-column218_571bd5-dd kb-section-dir-vertical\"><div class=\"kt-inside-inner-col\"><style>.wp-block-kadence-advancedheading.kt-adv-heading218_e5021d-ab, .wp-block-kadence-advancedheading.kt-adv-heading218_e5021d-ab[data-kb-block=\"kb-adv-heading218_e5021d-ab\"]{text-align:right;font-size:2em;line-height:1.2em;font-weight:400;font-style:normal;font-family:'Rubik Doodle Shadow';}.wp-block-kadence-advancedheading.kt-adv-heading218_e5021d-ab mark.kt-highlight, .wp-block-kadence-advancedheading.kt-adv-heading218_e5021d-ab[data-kb-block=\"kb-adv-heading218_e5021d-ab\"] mark.kt-highlight{font-size:var(--global-kb-font-size-xl, 3rem);font-style:normal;color:#dda905;-webkit-box-decoration-break:clone;box-decoration-break:clone;padding-top:0px;padding-right:0px;padding-bottom:0px;padding-left:0px;}<\/style>\n<h1 class=\"kt-adv-heading218_e5021d-ab wp-block-kadence-advancedheading has-theme-palette-9-color has-text-color\" data-kb-block=\"kb-adv-heading218_e5021d-ab\"><mark true=\"true\" class=\"kt-highlight\">FAFOUDI <\/mark><br>Ateliers de r\u00e9paration<br><mark style=\"background-color:rgba(0, 0, 0, 0)\" class=\"has-inline-color has-kb-palette-3-color\"><mark true=\"true\" class=\"kt-highlight\"> &amp;<\/mark><\/mark>  vente de v\u00e9los d&rsquo;occasion<\/h1>\n\n\n<style>.wp-block-kadence-advancedheading.kt-adv-heading218_842e56-c5, .wp-block-kadence-advancedheading.kt-adv-heading218_842e56-c5[data-kb-block=\"kb-adv-heading218_842e56-c5\"]{text-align:right;font-style:normal;}.wp-block-kadence-advancedheading.kt-adv-heading218_842e56-c5 mark.kt-highlight, .wp-block-kadence-advancedheading.kt-adv-heading218_842e56-c5[data-kb-block=\"kb-adv-heading218_842e56-c5\"] mark.kt-highlight{font-style:normal;color:#f76a0c;-webkit-box-decoration-break:clone;box-decoration-break:clone;padding-top:0px;padding-right:0px;padding-bottom:0px;padding-left:0px;}<\/style>\n<p class=\"kt-adv-heading218_842e56-c5 wp-block-kadence-advancedheading has-kb-palette-3-color has-text-color\" data-kb-block=\"kb-adv-heading218_842e56-c5\"><span data-loop=\"false\" class=\"kt-typed-text\">Au 20 Mille &#8211; 20-22 Boulevard Jules Verne 44300 Nantes<a href=\"https:\/\/www.instagram.com\/fafoudi.20mille\/followers\/mutualOnly\"><\/a> <\/span><\/p>\n\n\n\n<p>\/<\/p>\n<\/div><\/div>\n\n<\/div><\/div>\n\n\n<h2 class=\"wp-block-heading\">Mention l\u00e9gales<\/h2>\n\n\n\n<p><strong>Soci\u00e9t\u00e9 :<\/strong> Naocycles &#8211; Fafoudi &#8211; Ouvre bo\u00eetes<\/p>\n\n\n\n<p><strong>Adresse :<\/strong> 20 all\u00e9e de la maison rouge 44000 Nantes<\/p>\n\n\n\n<p><strong>Responsable l\u00e9gal<\/strong> : Fadi Freiha<\/p>\n\n\n\n<p><strong>T\u00e9l\u00e9phone :<\/strong> <strong>06.87.95.35.00<\/strong><\/p>\n\n\n\n<h2 class=\"wp-block-heading\">R\u00e9alisation du site :<\/h2>\n\n\n\n<p><a href=\"https:\/\/eolis.net\/\" target=\"_blank\" rel=\"noreferrer noopener\">Linop<\/a><\/p>\n\n\n\n<h2 class=\"wp-block-heading\">H\u00e9bergeur du site :<\/h2>\n\n\n\n<p>Ce site est H\u00e9berg\u00e9 par : OVH \u2013 2 rue Kellermann \u2013 59100 Roubaix<\/p>\n\n\n\n<h2 class=\"wp-block-heading\">Cookies :<\/h2>\n\n\n\n<p>Lorsque vous cliquez sur j\u2019accepte dans le bandeau de notification situ\u00e9 en bas de l\u2019\u00e9cran, des donn\u00e9es non personnelles sont collect\u00e9es lors de votre navigation, par un syst\u00e8me de cookies, \u00e0 des fins statistiques.<\/p>\n\n\n\n<p>Ces fichiers stock\u00e9s sur votre ordinateur permettent \u00e0 l\u2019entreprise d\u2019enregistrer les informations relatives \u00e0 votre navigation sur le site (pages consult\u00e9es, date et heure de consultation). En aucun cas ces donn\u00e9es ne nous permettent de vous identifier, elles ont pour seul but de nous aider \u00e0 vous offrir un acc\u00e8s facilit\u00e9 aux services propos\u00e9s et \u00e0 am\u00e9liorer ce site.<\/p>\n\n\n\n<p>Vous pouvez vous opposer \u00e0 l\u2019enregistrement de cookies en configurant votre navigateur selon les modalit\u00e9s d\u00e9taill\u00e9es sur le site de la Commission Nationale Informatique et Libert\u00e9s.<\/p>\n\n\n\n<p>En savoir plus :&nbsp;<a href=\"https:\/\/www.cnil.fr\/fr\/cookies-et-traceurs-que-dit-la-loi\" target=\"_blank\" rel=\"noreferrer noopener\">https:\/\/www.cnil.fr\/fr\/cookies-et-traceurs-que-dit-la-loi<\/a><\/p>\n","protected":false},"excerpt":{"rendered":"<p>FAFOUDI Ateliers de r\u00e9paration &amp; vente de v\u00e9los d&rsquo;occasion Au 20 Mille &#8211; 20-22 Boulevard Jules Verne 44300 Nantes \/ Mention l\u00e9gales Soci\u00e9t\u00e9 : Naocycles &#8211; Fafoudi &#8211; Ouvre bo\u00eetes Adresse : 20 all\u00e9e de la maison rouge 44000 Nantes Responsable l\u00e9gal : Fadi Freiha T\u00e9l\u00e9phone : 06.87.95.35.00 R\u00e9alisation du site : Linop H\u00e9bergeur du&#8230;<\/p>\n","protected":false},"author":1,"featured_media":0,"parent":0,"menu_order":0,"comment_status":"closed","ping_status":"closed","template":"","meta":{"_kad_post_transparent":"","_kad_post_title":"","_kad_post_layout":"","_kad_post_sidebar_id":"","_kad_post_content_style":"","_kad_post_vertical_padding":"","_kad_post_feature":"","_kad_post_feature_position":"","_kad_post_header":false,"_kad_post_footer":false,"_kad_post_classname":"","footnotes":""},"class_list":["post-218","page","type-page","status-publish","hentry"],"_links":{"self":[{"href":"https:\/\/fafoudi.fr\/index.php\/wp-json\/wp\/v2\/pages\/218","targetHints":{"allow":["GET"]}}],"collection":[{"href":"https:\/\/fafoudi.fr\/index.php\/wp-json\/wp\/v2\/pages"}],"about":[{"href":"https:\/\/fafoudi.fr\/index.php\/wp-json\/wp\/v2\/types\/page"}],"author":[{"embeddable":true,"href":"https:\/\/fafoudi.fr\/index.php\/wp-json\/wp\/v2\/users\/1"}],"replies":[{"embeddable":true,"href":"https:\/\/fafoudi.fr\/index.php\/wp-json\/wp\/v2\/comments?post=218"}],"version-history":[{"count":2,"href":"https:\/\/fafoudi.fr\/index.php\/wp-json\/wp\/v2\/pages\/218\/revisions"}],"predecessor-version":[{"id":220,"href":"https:\/\/fafoudi.fr\/index.php\/wp-json\/wp\/v2\/pages\/218\/revisions\/220"}],"wp:attachment":[{"href":"https:\/\/fafoudi.fr\/index.php\/wp-json\/wp\/v2\/media?parent=218"}],"curies":[{"name":"wp","href":"https:\/\/api.w.org\/{rel}","templated":true}]}}